{"id":1991,"date":"2023-02-23T21:51:12","date_gmt":"2023-02-23T21:51:12","guid":{"rendered":"https:\/\/www.assureforlife.com\/esp\/?page_id=1991"},"modified":"2024-06-19T20:36:07","modified_gmt":"2024-06-20T00:36:07","slug":"nuestras-sedes-y-aliados","status":"publish","type":"page","link":"https:\/\/www.assureforlife.com\/esp\/nuestras-sedes-y-aliados\/","title":{"rendered":"Nuestras sedes y aliados"},"content":{"rendered":"<p>[et_pb_section fb_built=&#8221;1&#8243; admin_label=&#8221;Header&#8221; _builder_version=&#8221;4.20.0&#8243; _module_preset=&#8221;default&#8221; background_color=&#8221;#F5F6EF&#8221; background_color_gradient_direction=&#8221;87deg&#8221; background_image=&#8221;https:\/\/www.assureforlife.com\/esp\/wp-content\/uploads\/2023\/03\/Untitled-4b.png&#8221; parallax=&#8221;on&#8221; custom_padding=&#8221;5vh||5vh||true|false&#8221; background_image_phone=&#8221;https:\/\/www.assureforlife.com\/esp\/wp-content\/uploads\/2021\/11\/Thomas-vert-1.jpg&#8221; background_enable_image_phone=&#8221;on&#8221; locked=&#8221;off&#8221; collapsed=&#8221;on&#8221; global_colors_info=&#8221;{}&#8221;][et_pb_row make_equal=&#8221;on&#8221; _builder_version=&#8221;4.20.2&#8243; _module_preset=&#8221;default&#8221; width_tablet=&#8221;&#8221; width_phone=&#8221;90%&#8221; width_last_edited=&#8221;on|phone&#8221; height=&#8221;50vh&#8221; height_tablet=&#8221;50vh&#8221; height_phone=&#8221;50vh&#8221; height_last_edited=&#8221;on|desktop&#8221; scroll_vertical_motion_enable=&#8221;on&#8221; scroll_vertical_motion=&#8221;0|50|50|100|4|0|0&#8243; global_colors_info=&#8221;{}&#8221;][et_pb_column type=&#8221;4_4&#8243; _builder_version=&#8221;4.16&#8243; _module_preset=&#8221;default&#8221; custom_css_main_element=&#8221;align-self: center&#8221; global_colors_info=&#8221;{}&#8221;][et_pb_text disabled_on=&#8221;off|off|off&#8221; _builder_version=&#8221;4.20.2&#8243; _module_preset=&#8221;e864d11f-3dab-4fa3-ac06-4f0e1a260807&#8243; header_font=&#8221;|||on|||||&#8221; header_text_align=&#8221;left&#8221; header_text_color=&#8221;#EE8A61&#8243; header_font_size=&#8221;52px&#8221; header_line_height=&#8221;1.3em&#8221; header_2_font=&#8221;|||on|||||&#8221; header_2_font_size=&#8221;29px&#8221; custom_margin=&#8221;||16px||false|false&#8221; animation_style=&#8221;slide&#8221; animation_direction=&#8221;left&#8221; animation_delay=&#8221;100ms&#8221; animation_intensity_slide=&#8221;3%&#8221; header_font_size_tablet=&#8221;38px&#8221; header_font_size_phone=&#8221;32px&#8221; header_font_size_last_edited=&#8221;on|phone&#8221; locked=&#8221;off&#8221; global_colors_info=&#8221;{}&#8221;]<\/p>\n<h1>Sedes y aliados<\/h1>\n<p>[\/et_pb_text][et_pb_text _builder_version=&#8221;4.20.2&#8243; _module_preset=&#8221;default&#8221; header_3_font=&#8221;TT COMMONS|800|||||||&#8221; header_3_text_color=&#8221;#00565F&#8221; header_3_font_size=&#8221;26px&#8221; header_3_line_height=&#8221;1.4em&#8221; max_width=&#8221;540px&#8221; header_3_font_size_tablet=&#8221;22px&#8221; header_3_font_size_phone=&#8221;22px&#8221; header_3_font_size_last_edited=&#8221;on|phone&#8221; global_colors_info=&#8221;{}&#8221;]<\/p>\n<h3>Conoce nuestra presencia nacional e internacional.<\/h3>\n<p>[\/et_pb_text][\/et_pb_column][\/et_pb_row][\/et_pb_section][et_pb_section fb_built=&#8221;1&#8243; _builder_version=&#8221;4.20.2&#8243; _module_preset=&#8221;default&#8221; background_enable_image=&#8221;off&#8221; parallax=&#8221;on&#8221; parallax_method=&#8221;off&#8221; custom_padding=&#8221;0px||0px||true|&#8221; locked=&#8221;off&#8221; global_colors_info=&#8221;{}&#8221;][et_pb_row _builder_version=&#8221;4.20.2&#8243; _module_preset=&#8221;default&#8221; width_tablet=&#8221;&#8221; width_phone=&#8221;90%&#8221; width_last_edited=&#8221;on|phone&#8221; custom_padding=&#8221;10px||10px||true|false&#8221; global_colors_info=&#8221;{}&#8221;][et_pb_column type=&#8221;4_4&#8243; _builder_version=&#8221;4.20.0&#8243; _module_preset=&#8221;default&#8221; global_colors_info=&#8221;{}&#8221;][dipi_breadcrumbs bc_home_icon=&#8221;off&#8221; bc_separator_icon=&#8221;&#x35;||divi||400&#8243; bc_post_type=&#8221;page&#8221; bc_schema=&#8221;off&#8221; bc_separator_color=&#8221;rgba(0,86,95,0.7)&#8221; bc_active_item_padding=&#8221;4px|8px|4px|8px|true|true&#8221; _builder_version=&#8221;4.20.2&#8243; _module_preset=&#8221;default&#8221; items_font=&#8221;||||on|||rgba(0,86,95,0.2)|&#8221; items_text_color=&#8221;rgba(0,86,95,0.5)&#8221; items_font_size=&#8221;16px&#8221; hover_text_color=&#8221;#EE8A61&#8243; active_font=&#8221;||||on|||RGBA(255,255,255,0)|&#8221; active_text_color=&#8221;#00565F&#8221; module_alignment=&#8221;center&#8221; items_font_size_tablet=&#8221;16px&#8221; items_font_size_phone=&#8221;14px&#8221; items_font_size_last_edited=&#8221;on|phone&#8221; border_radii_active=&#8221;on|8px|8px|8px|8px&#8221; global_colors_info=&#8221;{}&#8221;][\/dipi_breadcrumbs][\/et_pb_column][\/et_pb_row][\/et_pb_section][et_pb_section fb_built=&#8221;1&#8243; admin_label=&#8221;Header&#8221; _builder_version=&#8221;4.20.2&#8243; _module_preset=&#8221;default&#8221; background_color=&#8221;#ffffff&#8221; background_color_gradient_direction=&#8221;87deg&#8221; background_enable_image=&#8221;off&#8221; parallax=&#8221;on&#8221; custom_padding=&#8221;7vh||||false|false&#8221; background_last_edited=&#8221;off|desktop&#8221; background_image_phone=&#8221;https:\/\/www.assureforlife.com\/esp\/wp-content\/uploads\/2021\/11\/Thomas-vert-1.jpg&#8221; background_enable_image_phone=&#8221;on&#8221; locked=&#8221;off&#8221; global_colors_info=&#8221;{}&#8221;][et_pb_row column_structure=&#8221;1_2,1_2&#8243; make_equal=&#8221;on&#8221; _builder_version=&#8221;4.20.0&#8243; _module_preset=&#8221;default&#8221; width_tablet=&#8221;&#8221; width_phone=&#8221;90%&#8221; width_last_edited=&#8221;on|phone&#8221; global_colors_info=&#8221;{}&#8221;][et_pb_column type=&#8221;1_2&#8243; _builder_version=&#8221;4.19.5&#8243; _module_preset=&#8221;default&#8221; custom_css_main_element=&#8221;align-self:center&#8221; global_colors_info=&#8221;{}&#8221;][et_pb_image src=&#8221;https:\/\/www.assureforlife.com\/esp\/wp-content\/uploads\/2023\/09\/mapa2309_-min.png&#8221; title_text=&#8221;mapa2309_-min&#8221; _builder_version=&#8221;4.22.1&#8243; _module_preset=&#8221;default&#8221; background_enable_color=&#8221;off&#8221; global_colors_info=&#8221;{}&#8221;][\/et_pb_image][\/et_pb_column][et_pb_column type=&#8221;1_2&#8243; _builder_version=&#8221;4.19.0&#8243; _module_preset=&#8221;default&#8221; global_colors_info=&#8221;{}&#8221;][et_pb_text _builder_version=&#8221;4.20.0&#8243; _module_preset=&#8221;default&#8221; text_font_size=&#8221;23px&#8221; text_line_height=&#8221;1.2em&#8221; header_2_text_color=&#8221;#00565F&#8221; header_2_font_size=&#8221;34px&#8221; header_3_text_color=&#8221;#80B7B4&#8243; header_3_font_size=&#8221;29px&#8221; text_font_size_tablet=&#8221;20px&#8221; text_font_size_phone=&#8221;20px&#8221; text_font_size_last_edited=&#8221;on|tablet&#8221; header_3_font_size_tablet=&#8221;24px&#8221; header_3_font_size_phone=&#8221;24px&#8221; header_3_font_size_last_edited=&#8221;on|phone&#8221; locked=&#8221;off&#8221; global_colors_info=&#8221;{}&#8221;]<\/p>\n<h3>Estados Unidos<\/h3>\n<p>Aqu\u00ed nos llamamos Assure For Life, nuestra sede principal est\u00e1 en Florida.<\/p>\n<p>[\/et_pb_text][et_pb_text _builder_version=&#8221;4.21.0&#8243; _module_preset=&#8221;default&#8221; text_font_size=&#8221;23px&#8221; text_line_height=&#8221;1.2em&#8221; header_2_text_color=&#8221;#00565F&#8221; header_2_font_size=&#8221;34px&#8221; header_3_text_color=&#8221;#80B7B4&#8243; header_3_font_size=&#8221;29px&#8221; text_font_size_tablet=&#8221;20px&#8221; text_font_size_phone=&#8221;20px&#8221; text_font_size_last_edited=&#8221;on|tablet&#8221; header_3_font_size_tablet=&#8221;24px&#8221; header_3_font_size_phone=&#8221;24px&#8221; header_3_font_size_last_edited=&#8221;on|phone&#8221; locked=&#8221;off&#8221; global_colors_info=&#8221;{}&#8221;]<\/p>\n<h3>Colombia<\/h3>\n<p>Las marcas pertenecientes a este pa\u00eds son Plenitud, La Abad\u00eda Casa de Funerales y Prevenir (en alianza con Funeraria Gaviria).<\/p>\n<p>[\/et_pb_text][et_pb_text _builder_version=&#8221;4.20.2&#8243; _module_preset=&#8221;default&#8221; text_font_size=&#8221;23px&#8221; text_line_height=&#8221;1.2em&#8221; header_2_text_color=&#8221;#00565F&#8221; header_2_font_size=&#8221;34px&#8221; header_3_text_color=&#8221;#80B7B4&#8243; header_3_font_size=&#8221;29px&#8221; text_font_size_tablet=&#8221;20px&#8221; text_font_size_phone=&#8221;20px&#8221; text_font_size_last_edited=&#8221;on|tablet&#8221; header_3_font_size_tablet=&#8221;24px&#8221; header_3_font_size_phone=&#8221;24px&#8221; header_3_font_size_last_edited=&#8221;on|phone&#8221; locked=&#8221;off&#8221; global_colors_info=&#8221;{}&#8221;]<\/p>\n<h3>M\u00e9xico<\/h3>\n<p><span>Tambi\u00e9n estamos como <a href=\"https:\/\/plenitudmx.com\/\">Plenitud<\/a>, nuestras oficinas se encuentran en Ciudad de M\u00e9xico.<\/span><\/p>\n<p>[\/et_pb_text][et_pb_text _builder_version=&#8221;4.20.2&#8243; _module_preset=&#8221;default&#8221; text_font_size=&#8221;23px&#8221; text_line_height=&#8221;1.2em&#8221; header_2_text_color=&#8221;#00565F&#8221; header_2_font_size=&#8221;34px&#8221; header_3_text_color=&#8221;#80B7B4&#8243; header_3_font_size=&#8221;29px&#8221; text_font_size_tablet=&#8221;20px&#8221; text_font_size_phone=&#8221;20px&#8221; text_font_size_last_edited=&#8221;on|tablet&#8221; header_3_font_size_tablet=&#8221;24px&#8221; header_3_font_size_phone=&#8221;24px&#8221; header_3_font_size_last_edited=&#8221;on|phone&#8221; locked=&#8221;off&#8221; global_colors_info=&#8221;{}&#8221;]<\/p>\n<h3>Venezuela, Costa Rica y Panam\u00e1<\/h3>\n<p>Contamos con alianzas estrat\u00e9gicas con Funerales Vida y otras funerarias en estos pa\u00edses.[\/et_pb_text][et_pb_text _builder_version=&#8221;4.20.2&#8243; _module_preset=&#8221;default&#8221; text_font_size=&#8221;23px&#8221; text_line_height=&#8221;1.2em&#8221; header_2_text_color=&#8221;#00565F&#8221; header_2_font_size=&#8221;34px&#8221; header_3_text_color=&#8221;#80B7B4&#8243; header_3_font_size=&#8221;29px&#8221; text_font_size_tablet=&#8221;20px&#8221; text_font_size_phone=&#8221;20px&#8221; text_font_size_last_edited=&#8221;on|tablet&#8221; header_3_font_size_tablet=&#8221;24px&#8221; header_3_font_size_phone=&#8221;24px&#8221; header_3_font_size_last_edited=&#8221;on|phone&#8221; locked=&#8221;off&#8221; global_colors_info=&#8221;{}&#8221;]<\/p>\n<h3>Tenemos una amplia red funeraria con:<\/h3>\n<p>[\/et_pb_text][et_pb_image src=&#8221;https:\/\/www.assureforlife.com\/esp\/wp-content\/uploads\/2023\/03\/alpar-remanso.png&#8221; title_text=&#8221;alpar remanso&#8221; align=&#8221;center&#8221; disabled_on=&#8221;on|on|on&#8221; _builder_version=&#8221;4.20.2&#8243; _module_preset=&#8221;default&#8221; width=&#8221;300px&#8221; width_tablet=&#8221;240px&#8221; width_phone=&#8221;239px&#8221; width_last_edited=&#8221;on|tablet&#8221; disabled=&#8221;on&#8221; global_colors_info=&#8221;{}&#8221;][\/et_pb_image][\/et_pb_column][\/et_pb_row][\/et_pb_section][et_pb_section fb_built=&#8221;1&#8243; _builder_version=&#8221;4.20.2&#8243; _module_preset=&#8221;default&#8221; background_color=&#8221;#F5F6EF&#8221; custom_padding=&#8221;||||false|false&#8221; global_colors_info=&#8221;{}&#8221;][et_pb_row _builder_version=&#8221;4.20.2&#8243; _module_preset=&#8221;default&#8221; background_enable_color=&#8221;off&#8221; background_enable_image=&#8221;off&#8221; background_size=&#8221;custom&#8221; background_image_width=&#8221;70%&#8221; background_pattern_repeat_origin=&#8221;top_center&#8221; positioning=&#8221;none&#8221; position_origin_a=&#8221;top_center&#8221; vertical_offset=&#8221;-6.97vh&#8221; width_tablet=&#8221;&#8221; width_phone=&#8221;90%&#8221; width_last_edited=&#8221;on|phone&#8221; custom_margin=&#8221;||||false|false&#8221; custom_padding=&#8221;8vh||8vh||true|false&#8221; border_radii=&#8221;on|22px|22px|22px|22px&#8221; global_colors_info=&#8221;{}&#8221;][et_pb_column type=&#8221;4_4&#8243; _builder_version=&#8221;4.20.2&#8243; _module_preset=&#8221;default&#8221; global_colors_info=&#8221;{}&#8221;][et_pb_text _builder_version=&#8221;4.20.2&#8243; _module_preset=&#8221;default&#8221; text_font=&#8221;|700|||||||&#8221; text_text_color=&#8221;#00565F&#8221; text_font_size=&#8221;23px&#8221; text_line_height=&#8221;1.2em&#8221; header_2_font=&#8221;ARCA MAJORA|||on|||||&#8221; header_2_text_align=&#8221;left&#8221; header_2_text_color=&#8221;#EE8A61&#8243; header_2_font_size=&#8221;46px&#8221; header_2_line_height=&#8221;1.3em&#8221; header_3_text_align=&#8221;center&#8221; header_3_text_color=&#8221;#00565F&#8221; header_3_font_size=&#8221;29px&#8221; animation_style=&#8221;fade&#8221; text_font_size_tablet=&#8221;20px&#8221; text_font_size_phone=&#8221;20px&#8221; text_font_size_last_edited=&#8221;on|tablet&#8221; header_2_font_size_tablet=&#8221;38px&#8221; header_2_font_size_phone=&#8221;38px&#8221; header_2_font_size_last_edited=&#8221;on|tablet&#8221; header_3_font_size_tablet=&#8221;24px&#8221; header_3_font_size_phone=&#8221;24px&#8221; header_3_font_size_last_edited=&#8221;on|phone&#8221; locked=&#8221;off&#8221; global_colors_info=&#8221;{}&#8221;]<\/p>\n<h3>Nuestras Marcas<\/h3>\n<p>[\/et_pb_text][et_pb_image src=&#8221;https:\/\/www.assureforlife.com\/esp\/wp-content\/uploads\/2023\/03\/Cobranding-Assure-Plenitud-La-Abadia-e1695134869552.png&#8221; title_text=&#8221;Cobranding-Assure-Plenitud-La-Abadi\u0301a&#8221; disabled_on=&#8221;off|off|off&#8221; _builder_version=&#8221;4.22.1&#8243; _module_preset=&#8221;default&#8221; max_width=&#8221;800px&#8221; module_alignment=&#8221;center&#8221; global_colors_info=&#8221;{}&#8221;][\/et_pb_image][\/et_pb_column][\/et_pb_row][\/et_pb_section]<\/p>\n","protected":false},"excerpt":{"rendered":"<p>Sedes y aliadosConoce nuestra presencia nacional e internacional.<div class=\"et_pb_module dipi_breadcrumbs dipi_breadcrumbs_0\">\n\t\t\t\t\n\t\t\t\t\n\t\t\t\t\n\t\t\t\t\n\t\t\t\t\n\t\t\t\t\n\t\t\t\t<div class=\"et_pb_module_inner\">\n\t\t\t\t\t<div class=\"dipi-breadcrumbs dipi-bc-left\">\n                <ul >\n                    \n                                                        <li  class=\"dipi-breadcrumb-item dipi-breadcrumb-home\">\n\n                                                    <a  href=\"https:\/\/www.assureforlife.com\/esp\">\n                                <span  content=\"Home\">\n                                                                        Assure For Life                                <\/span>\n                            <\/a>\n\n                                                <meta itemprop=\"position\" content=\"1\"\/>                    <\/li>\n\n                    <li class=\"dipi-breadcrumb-separator\">\n                    <span class=\"et-pb-icon dipi-separator-icon\">&#x35;<\/span>\n                <\/li>                            \n                <\/ul>\n            <\/div>\n\t\t\t\t<\/div>\n\t\t\t<\/div>Estados Unidos Aqu\u00ed nos llamamos Assure For Life, nuestra sede principal est\u00e1 en Florida.Colombia Las marcas pertenecientes a este pa\u00eds son Plenitud, La Abad\u00eda Casa de Funerales y [&hellip;]<\/p>\n","protected":false},"author":4,"featured_media":0,"parent":0,"menu_order":0,"comment_status":"closed","ping_status":"closed","template":"","meta":{"_et_pb_use_builder":"on","_et_pb_old_content":"<!-- wp:paragraph -->\n<p>This is an example page. It's different from a blog post because it will stay in one place and will show up in your site navigation (in most themes). Most people start with an About page that introduces them to potential site visitors. It might say something like this:<\/p>\n<!-- \/wp:paragraph -->\n\n<!-- wp:quote -->\n<blockquote class=\"wp-block-quote\"><p>Hi there! I'm a bike messenger by day, aspiring actor by night, and this is my website. I live in Los Angeles, have a great dog named Jack, and I like pi&#241;a coladas. (And gettin' caught in the rain.)<\/p><\/blockquote>\n<!-- \/wp:quote -->\n\n<!-- wp:paragraph -->\n<p>...or something like this:<\/p>\n<!-- \/wp:paragraph -->\n\n<!-- wp:quote -->\n<blockquote class=\"wp-block-quote\"><p>The XYZ Doohickey Company was founded in 1971, and has been providing quality doohickeys to the public ever since. Located in Gotham City, XYZ employs over 2,000 people and does all kinds of awesome things for the Gotham community.<\/p><\/blockquote>\n<!-- \/wp:quote -->\n\n<!-- wp:paragraph -->\n<p>As a new WordPress user, you should go to <a href=\"https:\/\/www.assureforlife.com\/esp\/wp-admin\/\">your dashboard<\/a> to delete this page and create new pages for your content. Have fun!<\/p>\n<!-- \/wp:paragraph -->","_et_gb_content_width":"","footnotes":""},"dipi_cpt_category":[],"class_list":["post-1991","page","type-page","status-publish","hentry"],"_links":{"self":[{"href":"https:\/\/www.assureforlife.com\/esp\/wp-json\/wp\/v2\/pages\/1991","targetHints":{"allow":["GET"]}}],"collection":[{"href":"https:\/\/www.assureforlife.com\/esp\/wp-json\/wp\/v2\/pages"}],"about":[{"href":"https:\/\/www.assureforlife.com\/esp\/wp-json\/wp\/v2\/types\/page"}],"author":[{"embeddable":true,"href":"https:\/\/www.assureforlife.com\/esp\/wp-json\/wp\/v2\/users\/4"}],"replies":[{"embeddable":true,"href":"https:\/\/www.assureforlife.com\/esp\/wp-json\/wp\/v2\/comments?post=1991"}],"version-history":[{"count":0,"href":"https:\/\/www.assureforlife.com\/esp\/wp-json\/wp\/v2\/pages\/1991\/revisions"}],"wp:attachment":[{"href":"https:\/\/www.assureforlife.com\/esp\/wp-json\/wp\/v2\/media?parent=1991"}],"wp:term":[{"taxonomy":"dipi_cpt_category","embeddable":true,"href":"https:\/\/www.assureforlife.com\/esp\/wp-json\/wp\/v2\/dipi_cpt_category?post=1991"}],"curies":[{"name":"wp","href":"https:\/\/api.w.org\/{rel}","templated":true}]}}