{"id":2293,"date":"2023-02-26T06:37:07","date_gmt":"2023-02-26T06:37:07","guid":{"rendered":"https:\/\/www.assureforlife.com\/esp\/?page_id=2293"},"modified":"2024-02-13T21:29:06","modified_gmt":"2024-02-14T02:29:06","slug":"acompanamientos","status":"publish","type":"page","link":"https:\/\/www.assureforlife.com\/esp\/acompanamientos\/","title":{"rendered":"Acompa\u00f1amientos"},"content":{"rendered":"<p>[et_pb_section fb_built=&#8221;1&#8243; admin_label=&#8221;Header&#8221; _builder_version=&#8221;4.20.0&#8243; _module_preset=&#8221;default&#8221; background_color=&#8221;#F5F6EF&#8221; background_color_gradient_direction=&#8221;87deg&#8221; background_image=&#8221;https:\/\/www.assureforlife.com\/esp\/wp-content\/uploads\/2023\/03\/Untitled-4b.png&#8221; parallax=&#8221;on&#8221; custom_padding=&#8221;5vh||5vh||true|false&#8221; background_last_edited=&#8221;off|desktop&#8221; background_image_phone=&#8221;https:\/\/www.assureforlife.com\/esp\/wp-content\/uploads\/2021\/11\/Thomas-vert-1.jpg&#8221; background_enable_image_phone=&#8221;on&#8221; locked=&#8221;off&#8221; collapsed=&#8221;on&#8221; global_colors_info=&#8221;{}&#8221;][et_pb_row column_structure=&#8221;2_3,1_3&#8243; make_equal=&#8221;on&#8221; _builder_version=&#8221;4.21.0&#8243; _module_preset=&#8221;default&#8221; width_tablet=&#8221;&#8221; width_phone=&#8221;90%&#8221; width_last_edited=&#8221;on|phone&#8221; height=&#8221;50vh&#8221; height_tablet=&#8221;50vh&#8221; height_phone=&#8221;50vh&#8221; height_last_edited=&#8221;on|phone&#8221; scroll_vertical_motion_enable=&#8221;on&#8221; scroll_vertical_motion=&#8221;0|50|50|100|4|0|0&#8243; global_colors_info=&#8221;{}&#8221;][et_pb_column type=&#8221;2_3&#8243; _builder_version=&#8221;4.16&#8243; _module_preset=&#8221;default&#8221; custom_css_main_element=&#8221;align-self: center&#8221; global_colors_info=&#8221;{}&#8221;][et_pb_text _builder_version=&#8221;4.20.2&#8243; _module_preset=&#8221;default&#8221; text_font=&#8221;|700|||||||&#8221; text_text_color=&#8221;#00565F&#8221; text_font_size=&#8221;23px&#8221; text_line_height=&#8221;1.2em&#8221; header_2_font=&#8221;ARCA MAJORA|||on|||||&#8221; header_2_text_align=&#8221;left&#8221; header_2_text_color=&#8221;#7DB6B3&#8243; header_2_font_size=&#8221;52px&#8221; header_2_line_height=&#8221;1.3em&#8221; header_3_font=&#8221;|||on|||||&#8221; header_3_text_align=&#8221;left&#8221; header_3_text_color=&#8221;#00565F&#8221; header_3_font_size=&#8221;29px&#8221; animation_style=&#8221;fade&#8221; header_2_font_size_tablet=&#8221;48px&#8221; header_2_font_size_phone=&#8221;28px&#8221; header_2_font_size_last_edited=&#8221;on|phone&#8221; locked=&#8221;off&#8221; global_colors_info=&#8221;{}&#8221;]<\/p>\n<h2>Acompa\u00f1amiento<\/h2>\n<p><span><\/span><\/p>\n<p>[\/et_pb_text][et_pb_text _builder_version=&#8221;4.20.2&#8243; _module_preset=&#8221;default&#8221; header_3_font=&#8221;TT COMMONS|800|||||||&#8221; header_3_text_color=&#8221;#00565F&#8221; header_3_font_size=&#8221;26px&#8221; header_3_line_height=&#8221;1.4em&#8221; max_width=&#8221;540px&#8221; header_3_font_size_tablet=&#8221;22px&#8221; header_3_font_size_phone=&#8221;22px&#8221; header_3_font_size_last_edited=&#8221;on|phone&#8221; global_colors_info=&#8221;{}&#8221;]<\/p>\n<h3>Estamos para ti antes, durante y despu\u00e9s de la p\u00e9rdida de un ser querido.<\/h3>\n<p>[\/et_pb_text][\/et_pb_column][et_pb_column type=&#8221;1_3&#8243; _builder_version=&#8221;4.16&#8243; _module_preset=&#8221;default&#8221; custom_css_main_element=&#8221;align-self: center&#8221; global_colors_info=&#8221;{}&#8221;][\/et_pb_column][\/et_pb_row][\/et_pb_section][et_pb_section fb_built=&#8221;1&#8243; _builder_version=&#8221;4.20.2&#8243; _module_preset=&#8221;default&#8221; background_enable_image=&#8221;off&#8221; parallax=&#8221;on&#8221; parallax_method=&#8221;off&#8221; custom_padding=&#8221;0px||0px||true|&#8221; locked=&#8221;off&#8221; global_colors_info=&#8221;{}&#8221;][et_pb_row _builder_version=&#8221;4.20.2&#8243; _module_preset=&#8221;default&#8221; width_tablet=&#8221;&#8221; width_phone=&#8221;90%&#8221; width_last_edited=&#8221;on|phone&#8221; custom_padding=&#8221;10px||10px||true|false&#8221; global_colors_info=&#8221;{}&#8221;][et_pb_column type=&#8221;4_4&#8243; _builder_version=&#8221;4.20.0&#8243; _module_preset=&#8221;default&#8221; global_colors_info=&#8221;{}&#8221;][dipi_breadcrumbs bc_home_icon=&#8221;off&#8221; bc_separator_icon=&#8221;&#x35;||divi||400&#8243; bc_post_type=&#8221;page&#8221; bc_schema=&#8221;off&#8221; bc_separator_color=&#8221;rgba(0,86,95,0.7)&#8221; bc_active_item_padding=&#8221;4px|8px|4px|8px|true|true&#8221; _builder_version=&#8221;4.20.2&#8243; _module_preset=&#8221;default&#8221; items_font=&#8221;||||on|||rgba(0,86,95,0.2)|&#8221; items_text_color=&#8221;rgba(0,86,95,0.5)&#8221; items_font_size=&#8221;16px&#8221; hover_text_color=&#8221;#EE8A61&#8243; active_font=&#8221;||||on|||RGBA(255,255,255,0)|&#8221; active_text_color=&#8221;#00565F&#8221; module_alignment=&#8221;center&#8221; items_font_size_tablet=&#8221;16px&#8221; items_font_size_phone=&#8221;14px&#8221; items_font_size_last_edited=&#8221;on|phone&#8221; border_radii_active=&#8221;on|8px|8px|8px|8px&#8221; global_colors_info=&#8221;{}&#8221;][\/dipi_breadcrumbs][\/et_pb_column][\/et_pb_row][\/et_pb_section][et_pb_section fb_built=&#8221;1&#8243; custom_padding_last_edited=&#8221;on|phone&#8221; admin_label=&#8221;Header&#8221; _builder_version=&#8221;4.20.2&#8243; _module_preset=&#8221;default&#8221; background_color=&#8221;#ffffff&#8221; background_color_gradient_direction=&#8221;87deg&#8221; background_enable_image=&#8221;off&#8221; background_position=&#8221;top_center&#8221; custom_padding=&#8221;10vh||10vh||false|false&#8221; custom_padding_tablet=&#8221;10vh||10vh||false|false&#8221; custom_padding_phone=&#8221;3vh||||false|false&#8221; background_last_edited=&#8221;off|desktop&#8221; background_image_phone=&#8221;https:\/\/www.assureforlife.com\/esp\/wp-content\/uploads\/2021\/11\/Thomas-vert-1.jpg&#8221; background_enable_image_phone=&#8221;on&#8221; locked=&#8221;off&#8221; collapsed=&#8221;on&#8221; global_colors_info=&#8221;{}&#8221;][et_pb_row column_structure=&#8221;1_2,1_2&#8243; custom_padding_last_edited=&#8221;on|phone&#8221; _builder_version=&#8221;4.20.0&#8243; _module_preset=&#8221;default&#8221; background_enable_color=&#8221;off&#8221; width_tablet=&#8221;&#8221; width_phone=&#8221;90%&#8221; width_last_edited=&#8221;on|phone&#8221; custom_padding=&#8221;60px|60px|60px|60px|true|true&#8221; custom_padding_tablet=&#8221;40px|30px|40px|30px|true|true&#8221; custom_padding_phone=&#8221;|20px||20px|true|true&#8221; border_radii=&#8221;on|22px|22px|22px|22px&#8221; locked=&#8221;off&#8221; global_colors_info=&#8221;{}&#8221;][et_pb_column type=&#8221;1_2&#8243; _builder_version=&#8221;4.16&#8243; _module_preset=&#8221;default&#8221; global_colors_info=&#8221;{}&#8221;][et_pb_text _builder_version=&#8221;4.20.2&#8243; _module_preset=&#8221;df96b77a-cd4f-44a8-a771-2d6347592b53&#8243; header_2_font=&#8221;ARCA MAJORA|||on|||||&#8221; header_2_text_color=&#8221;#00565F&#8221; header_2_font_size=&#8221;29px&#8221; header_2_letter_spacing=&#8221;-0.02em&#8221; header_2_line_height=&#8221;1.15em&#8221; header_2_font_size_tablet=&#8221;32px&#8221; header_2_font_size_phone=&#8221;20px&#8221; header_2_font_size_last_edited=&#8221;on|desktop&#8221; locked=&#8221;off&#8221; global_colors_info=&#8221;{}&#8221;]<\/p>\n<h2>Te acompa\u00f1amos<\/h2>\n<p>[\/et_pb_text][et_pb_text _builder_version=&#8221;4.20.2&#8243; _module_preset=&#8221;5ff55506-da7d-4dd7-b409-9d62c7203201&#8243; text_font=&#8221;||||||||&#8221; text_text_color=&#8221;#00565F&#8221; text_font_size=&#8221;21px&#8221; text_font_size_tablet=&#8221;15px&#8221; text_font_size_phone=&#8221;14px&#8221; text_font_size_last_edited=&#8221;off|desktop&#8221; header_font_size_tablet=&#8221;55px&#8221; header_font_size_last_edited=&#8221;off|desktop&#8221; locked=&#8221;off&#8221; global_colors_info=&#8221;{}&#8221;]<\/p>\n<p>Buscamos y desarrollamos propuestas para aportar al bienestar y calidad de vida de las familias en momentos importantes de sus vidas.<\/p>\n<p>[\/et_pb_text][et_pb_image src=&#8221;https:\/\/www.assureforlife.com\/esp\/wp-content\/uploads\/2023\/02\/acompanamiento.jpg&#8221; title_text=&#8221;acompan\u0303amiento&#8221; _builder_version=&#8221;4.20.0&#8243; _module_preset=&#8221;default&#8221; custom_margin=&#8221;||||false|false&#8221; border_radii=&#8221;on|22px|22px|22px|22px&#8221; global_colors_info=&#8221;{}&#8221;][\/et_pb_image][\/et_pb_column][et_pb_column type=&#8221;1_2&#8243; _builder_version=&#8221;4.16&#8243; _module_preset=&#8221;default&#8221; global_colors_info=&#8221;{}&#8221;][et_pb_blurb title=&#8221;Antes&#8221; icon_placement=&#8221;left&#8221; image_icon_width=&#8221;36px&#8221; content_max_width=&#8221;100%&#8221; _builder_version=&#8221;4.21.0&#8243; _module_preset=&#8221;8bdd7dc7-ca40-49d3-b3c2-31beda69b216&#8243; header_font=&#8221;ARCA MAJORA|700|||||||&#8221; header_text_align=&#8221;left&#8221; header_text_color=&#8221;#00565F&#8221; header_font_size=&#8221;23px&#8221; body_font=&#8221;||||||||&#8221; body_text_color=&#8221;#00565F&#8221; body_font_size=&#8221;21px&#8221; background_color=&#8221;rgba(0,86,95,0.1)&#8221; custom_margin=&#8221;||||false|false&#8221; custom_padding=&#8221;30px|30px|30px|30px|true|true&#8221; custom_padding_tablet=&#8221;|40px||40px|true|true&#8221; custom_padding_phone=&#8221;|20px||20px|true|true&#8221; custom_padding_last_edited=&#8221;on|phone&#8221; animation=&#8221;off&#8221; header_font_size_phone=&#8221;14px&#8221; header_font_size_last_edited=&#8221;off|desktop&#8221; body_font_size_phone=&#8221;13px&#8221; body_font_size_last_edited=&#8221;off|desktop&#8221; border_radii=&#8221;on|20px|20px|20px|20px&#8221; image_max_width=&#8221;36px&#8221; global_colors_info=&#8221;{}&#8221;]<\/p>\n<ul>\n<li>Charlas en nuestro canal de YouTube que ayudar\u00e1n a mejorar tu calidad de vida.<\/li>\n<li>Disponemos de un equipo que siempre est\u00e1 atento a tus solicitudes.<\/li>\n<li>Una asesor\u00eda psicol\u00f3gica sin costo por cualquier motivo<\/li>\n<\/ul>\n<p style=\"text-align: center;\"><strong>Puedes contactarnos de lunes a viernes de<\/strong><br \/><strong>9 am a 5 pm EST.<\/strong><\/p>\n<p><a href=\"tel:+18552752577\" id=\"btn\"><img decoding=\"async\" src=\"https:\/\/www.assureforlife.com\/esp\/wp-content\/uploads\/2023\/03\/phone-antes.png\" width=\"200\" height=\"\" alt=\"\" class=\"wp-image-2847 alignnone size-full\" style=\"display: block; margin-left: auto; margin-right: auto;\" srcset=\"https:\/\/www.assureforlife.com\/esp\/wp-content\/uploads\/2023\/03\/phone-antes.png 401w, https:\/\/www.assureforlife.com\/esp\/wp-content\/uploads\/2023\/03\/phone-antes-300x71.png 300w\" sizes=\"(max-width: 401px) 100vw, 401px\" \/><\/a><\/p>\n<p>[\/et_pb_blurb][et_pb_blurb title=&#8221;Durante&#8221; icon_placement=&#8221;left&#8221; image_icon_width=&#8221;36px&#8221; content_max_width=&#8221;100%&#8221; _builder_version=&#8221;4.22.1&#8243; _module_preset=&#8221;8bdd7dc7-ca40-49d3-b3c2-31beda69b216&#8243; header_font=&#8221;ARCA MAJORA|700|||||||&#8221; header_text_align=&#8221;left&#8221; header_text_color=&#8221;#00565F&#8221; header_font_size=&#8221;23px&#8221; body_font=&#8221;||||||||&#8221; body_text_color=&#8221;#00565F&#8221; body_font_size=&#8221;21px&#8221; background_color=&#8221;#F5F3EE&#8221; custom_margin=&#8221;||||false|false&#8221; custom_padding=&#8221;30px|30px|30px|30px|true|true&#8221; custom_padding_tablet=&#8221;|40px||40px|true|true&#8221; custom_padding_phone=&#8221;|20px||20px|true|true&#8221; custom_padding_last_edited=&#8221;on|phone&#8221; animation=&#8221;off&#8221; border_radii=&#8221;on|20px|20px|20px|20px&#8221; image_max_width=&#8221;36px&#8221; global_colors_info=&#8221;{}&#8221;]<\/p>\n<ul>\n<li>Soporte 24\/7 para atender la emergencia funeraria, donde un grupo especializado de profesionales brindar\u00e1n acompa\u00f1amiento y asistencia a las familias de manera personalizada, coordinando seg\u00fan el \u00e1rea de cobertura.<\/li>\n<\/ul>\n<p><a href=\"tel:+18888155817\" id=\"btn\"><img decoding=\"async\" src=\"https:\/\/www.assureforlife.com\/esp\/wp-content\/uploads\/2023\/02\/call.png\" width=\"200\" height=\"\" alt=\"\" class=\"wp-image-1827 alignnone size-full\" style=\"display: block; margin-left: auto; margin-right: auto;\" srcset=\"https:\/\/www.assureforlife.com\/esp\/wp-content\/uploads\/2023\/02\/call.png 400w, https:\/\/www.assureforlife.com\/esp\/wp-content\/uploads\/2023\/02\/call-300x71.png 300w\" sizes=\"(max-width: 400px) 100vw, 400px\" \/><\/a>[\/et_pb_blurb][et_pb_blurb title=&#8221;Despu\u00e9s&#8221; icon_placement=&#8221;left&#8221; image_icon_width=&#8221;36px&#8221; content_max_width=&#8221;100%&#8221; _builder_version=&#8221;4.21.0&#8243; _module_preset=&#8221;8bdd7dc7-ca40-49d3-b3c2-31beda69b216&#8243; header_font=&#8221;ARCA MAJORA|700|||||||&#8221; header_text_align=&#8221;left&#8221; header_text_color=&#8221;#00565F&#8221; header_font_size=&#8221;23px&#8221; body_font=&#8221;||||||||&#8221; body_text_color=&#8221;#00565F&#8221; body_font_size=&#8221;21px&#8221; body_link_font=&#8221;||||on||||&#8221; background_color=&#8221;rgba(0,86,95,0.1)&#8221; custom_margin=&#8221;||||false|false&#8221; custom_padding=&#8221;30px|30px|30px|30px|true|true&#8221; custom_padding_tablet=&#8221;|40px||40px|true|true&#8221; custom_padding_phone=&#8221;|20px||20px|true|true&#8221; custom_padding_last_edited=&#8221;on|phone&#8221; animation=&#8221;off&#8221; border_radii=&#8221;on|20px|20px|20px|20px&#8221; image_max_width=&#8221;36px&#8221; global_colors_info=&#8221;{}&#8221;]<\/p>\n<p>Te acompa\u00f1aremos en tu proceso de duelo a trav\u00e9s de:<\/p>\n<ul>\n<li>Informaci\u00f3n por medio de mensajes de texto.<\/li>\n<li>Charlas con nuestras Psic\u00f3logas expertas en duelo, que te ayudar\u00e1n a vivir tu proceso de manera sana.<\/li>\n<li>Dos asesor\u00edas psicol\u00f3gicas sin costo, progr\u00e1mala aqu\u00ed:<\/li>\n<\/ul>\n<p><a href=\"mailto:countonme@assureforlife.com\" id=\"btn\"><img decoding=\"async\" src=\"https:\/\/www.assureforlife.com\/wp-content\/uploads\/2023\/06\/countonme.png\" width=\"300\" height=\"\" alt=\"\" class=\"wp-image-3285 aligncenter size-full\" \/><\/a><\/p>\n<p>[\/et_pb_blurb][\/et_pb_column][\/et_pb_row][\/et_pb_section]<\/p>\n","protected":false},"excerpt":{"rendered":"<p>Acompa\u00f1amiento Estamos para ti antes, durante y despu\u00e9s de la p\u00e9rdida de un ser querido.<div class=\"et_pb_module dipi_breadcrumbs dipi_breadcrumbs_0\">\n\t\t\t\t\n\t\t\t\t\n\t\t\t\t\n\t\t\t\t\n\t\t\t\t\n\t\t\t\t\n\t\t\t\t<div class=\"et_pb_module_inner\">\n\t\t\t\t\t<div class=\"dipi-breadcrumbs dipi-bc-left\">\n                <ul >\n                    \n                                                        <li  class=\"dipi-breadcrumb-item dipi-breadcrumb-home\">\n\n                                                    <a  href=\"https:\/\/www.assureforlife.com\/esp\">\n                                <span  content=\"Home\">\n                                                                        Assure For Life                                <\/span>\n                            <\/a>\n\n                                                <meta itemprop=\"position\" content=\"1\"\/>                    <\/li>\n\n                    <li class=\"dipi-breadcrumb-separator\">\n                    <span class=\"et-pb-icon dipi-separator-icon\">&#x35;<\/span>\n                <\/li>                            \n                <\/ul>\n            <\/div>\n\t\t\t\t<\/div>\n\t\t\t<\/div>Te acompa\u00f1amosBuscamos y desarrollamos propuestas para aportar al bienestar y calidad de vida de las familias en momentos importantes de sus [&hellip;]<\/p>\n","protected":false},"author":4,"featured_media":0,"parent":0,"menu_order":0,"comment_status":"closed","ping_status":"closed","template":"","meta":{"_et_pb_use_builder":"on","_et_pb_old_content":"<!-- wp:paragraph -->\n<p>This is an example page. It's different from a blog post because it will stay in one place and will show up in your site navigation (in most themes). Most people start with an About page that introduces them to potential site visitors. It might say something like this:<\/p>\n<!-- \/wp:paragraph -->\n\n<!-- wp:quote -->\n<blockquote class=\"wp-block-quote\"><p>Hi there! I'm a bike messenger by day, aspiring actor by night, and this is my website. I live in Los Angeles, have a great dog named Jack, and I like pi&#241;a coladas. (And gettin' caught in the rain.)<\/p><\/blockquote>\n<!-- \/wp:quote -->\n\n<!-- wp:paragraph -->\n<p>...or something like this:<\/p>\n<!-- \/wp:paragraph -->\n\n<!-- wp:quote -->\n<blockquote class=\"wp-block-quote\"><p>The XYZ Doohickey Company was founded in 1971, and has been providing quality doohickeys to the public ever since. Located in Gotham City, XYZ employs over 2,000 people and does all kinds of awesome things for the Gotham community.<\/p><\/blockquote>\n<!-- \/wp:quote -->\n\n<!-- wp:paragraph -->\n<p>As a new WordPress user, you should go to <a href=\"https:\/\/www.assureforlife.com\/esp\/wp-admin\/\">your dashboard<\/a> to delete this page and create new pages for your content. Have fun!<\/p>\n<!-- \/wp:paragraph -->","_et_gb_content_width":"","footnotes":""},"dipi_cpt_category":[],"class_list":["post-2293","page","type-page","status-publish","hentry"],"_links":{"self":[{"href":"https:\/\/www.assureforlife.com\/esp\/wp-json\/wp\/v2\/pages\/2293","targetHints":{"allow":["GET"]}}],"collection":[{"href":"https:\/\/www.assureforlife.com\/esp\/wp-json\/wp\/v2\/pages"}],"about":[{"href":"https:\/\/www.assureforlife.com\/esp\/wp-json\/wp\/v2\/types\/page"}],"author":[{"embeddable":true,"href":"https:\/\/www.assureforlife.com\/esp\/wp-json\/wp\/v2\/users\/4"}],"replies":[{"embeddable":true,"href":"https:\/\/www.assureforlife.com\/esp\/wp-json\/wp\/v2\/comments?post=2293"}],"version-history":[{"count":0,"href":"https:\/\/www.assureforlife.com\/esp\/wp-json\/wp\/v2\/pages\/2293\/revisions"}],"wp:attachment":[{"href":"https:\/\/www.assureforlife.com\/esp\/wp-json\/wp\/v2\/media?parent=2293"}],"wp:term":[{"taxonomy":"dipi_cpt_category","embeddable":true,"href":"https:\/\/www.assureforlife.com\/esp\/wp-json\/wp\/v2\/dipi_cpt_category?post=2293"}],"curies":[{"name":"wp","href":"https:\/\/api.w.org\/{rel}","templated":true}]}}