{"id":468,"date":"2021-11-29T20:32:59","date_gmt":"2021-11-29T20:32:59","guid":{"rendered":"https:\/\/www.assureforlife.com\/esp\/?page_id=468"},"modified":"2023-09-19T10:45:46","modified_gmt":"2023-09-19T14:45:46","slug":"nuestro-proposito","status":"publish","type":"page","link":"https:\/\/www.assureforlife.com\/esp\/nuestro-proposito\/","title":{"rendered":"Nuestro prop\u00f3sito"},"content":{"rendered":"<p>[et_pb_section fb_built=&#8221;1&#8243; admin_label=&#8221;Header&#8221; _builder_version=&#8221;4.20.0&#8243; _module_preset=&#8221;default&#8221; background_color=&#8221;#f5f6ef&#8221; background_color_gradient_direction=&#8221;87deg&#8221; background_image=&#8221;https:\/\/www.assureforlife.com\/esp\/wp-content\/uploads\/2023\/03\/Untitled-4b.png&#8221; parallax=&#8221;on&#8221; custom_padding=&#8221;5vh||5vh||true|false&#8221; background_last_edited=&#8221;off|desktop&#8221; background_image_phone=&#8221;https:\/\/www.assureforlife.com\/esp\/wp-content\/uploads\/2021\/11\/Thomas-vert-1.jpg&#8221; background_enable_image_phone=&#8221;on&#8221; locked=&#8221;off&#8221; collapsed=&#8221;on&#8221; global_colors_info=&#8221;{}&#8221;][et_pb_row make_equal=&#8221;on&#8221; _builder_version=&#8221;4.20.2&#8243; _module_preset=&#8221;default&#8221; width_tablet=&#8221;&#8221; width_phone=&#8221;90%&#8221; width_last_edited=&#8221;on|phone&#8221; height=&#8221;50vh&#8221; height_tablet=&#8221;&#8221; height_phone=&#8221;&#8221; height_last_edited=&#8221;on|phone&#8221; scroll_vertical_motion_enable=&#8221;on&#8221; scroll_vertical_motion=&#8221;0|50|50|100|4|0|0&#8243; global_colors_info=&#8221;{}&#8221;][et_pb_column type=&#8221;4_4&#8243; _builder_version=&#8221;4.20.2&#8243; _module_preset=&#8221;default&#8221; custom_css_main_element=&#8221;align-self: center&#8221; global_colors_info=&#8221;{}&#8221;][et_pb_text disabled_on=&#8221;off|off|off&#8221; _builder_version=&#8221;4.20.2&#8243; _module_preset=&#8221;e864d11f-3dab-4fa3-ac06-4f0e1a260807&#8243; header_font=&#8221;|||on|||||&#8221; header_text_align=&#8221;left&#8221; header_text_color=&#8221;#EE8A61&#8243; header_font_size=&#8221;52px&#8221; header_line_height=&#8221;1.3em&#8221; header_2_font=&#8221;|||on|||||&#8221; header_2_text_color=&#8221;#00565F&#8221; header_2_font_size=&#8221;29px&#8221; custom_margin=&#8221;||16px||false|false&#8221; animation_style=&#8221;slide&#8221; animation_direction=&#8221;left&#8221; animation_delay=&#8221;100ms&#8221; animation_intensity_slide=&#8221;3%&#8221; header_font_size_tablet=&#8221;38px&#8221; header_font_size_phone=&#8221;38px&#8221; header_font_size_last_edited=&#8221;on|tablet&#8221; header_2_font_size_tablet=&#8221;23px&#8221; header_2_font_size_phone=&#8221;22px&#8221; header_2_font_size_last_edited=&#8221;on|phone&#8221; locked=&#8221;off&#8221; global_colors_info=&#8221;{}&#8221;]<\/p>\n<h2>Nuestro<\/h2>\n<h1>prop\u00f3sito<\/h1>\n<p>[\/et_pb_text][et_pb_text content_tablet=&#8221;<\/p>\n<h3>Buscamos contribuir al bienestar de las familias<br \/>en todos los momentos de la vida.<\/h3>\n<p>&#8221; content_phone=&#8221;<\/p>\n<h3>Buscamos contribuir al bienestar de las familias en todos los momentos de la vida.<\/h3>\n<p>&#8221; content_last_edited=&#8221;on|tablet&#8221; _builder_version=&#8221;4.20.2&#8243; _module_preset=&#8221;default&#8221; header_3_font=&#8221;TT COMMONS|800|||||||&#8221; header_3_text_color=&#8221;#00565F&#8221; header_3_font_size=&#8221;26px&#8221; header_3_line_height=&#8221;1.4em&#8221; max_width=&#8221;540px&#8221; header_3_font_size_tablet=&#8221;22px&#8221; header_3_font_size_phone=&#8221;&#8221; header_3_font_size_last_edited=&#8221;on|phone&#8221; global_colors_info=&#8221;{}&#8221;]<\/p>\n<h3>Buscamos contribuir al bienestar de las familias<br \/>en todos los momentos de la vida.<\/h3>\n<p>[\/et_pb_text][\/et_pb_column][\/et_pb_row][\/et_pb_section][et_pb_section fb_built=&#8221;1&#8243; _builder_version=&#8221;4.20.2&#8243; _module_preset=&#8221;default&#8221; background_enable_image=&#8221;off&#8221; parallax=&#8221;on&#8221; parallax_method=&#8221;off&#8221; custom_padding=&#8221;0px||0px||true|&#8221; locked=&#8221;off&#8221; global_colors_info=&#8221;{}&#8221;][et_pb_row _builder_version=&#8221;4.20.2&#8243; _module_preset=&#8221;default&#8221; width_tablet=&#8221;&#8221; width_phone=&#8221;90%&#8221; width_last_edited=&#8221;on|phone&#8221; custom_padding=&#8221;10px||10px||true|false&#8221; global_colors_info=&#8221;{}&#8221;][et_pb_column type=&#8221;4_4&#8243; _builder_version=&#8221;4.20.0&#8243; _module_preset=&#8221;default&#8221; global_colors_info=&#8221;{}&#8221;][dipi_breadcrumbs bc_home_icon=&#8221;off&#8221; bc_separator_icon=&#8221;&#x35;||divi||400&#8243; bc_post_type=&#8221;page&#8221; bc_schema=&#8221;off&#8221; bc_separator_color=&#8221;rgba(0,86,95,0.7)&#8221; bc_active_item_padding=&#8221;4px|8px|4px|8px|true|true&#8221; _builder_version=&#8221;4.20.2&#8243; _module_preset=&#8221;default&#8221; items_font=&#8221;||||on|||rgba(0,86,95,0.2)|&#8221; items_text_color=&#8221;rgba(0,86,95,0.5)&#8221; items_font_size=&#8221;16px&#8221; hover_text_color=&#8221;#EE8A61&#8243; active_font=&#8221;||||on|||RGBA(255,255,255,0)|&#8221; active_text_color=&#8221;#00565F&#8221; module_alignment=&#8221;center&#8221; items_font_size_tablet=&#8221;16px&#8221; items_font_size_phone=&#8221;14px&#8221; items_font_size_last_edited=&#8221;on|phone&#8221; border_radii_active=&#8221;on|8px|8px|8px|8px&#8221; global_colors_info=&#8221;{}&#8221;][\/dipi_breadcrumbs][\/et_pb_column][\/et_pb_row][\/et_pb_section][et_pb_section fb_built=&#8221;1&#8243; admin_label=&#8221;Header&#8221; _builder_version=&#8221;4.19.4&#8243; _module_preset=&#8221;default&#8221; background_color=&#8221;#ffffff&#8221; background_color_gradient_direction=&#8221;87deg&#8221; background_enable_image=&#8221;off&#8221; parallax=&#8221;on&#8221; custom_padding=&#8221;7vh||18vh||false|false&#8221; background_last_edited=&#8221;off|desktop&#8221; background_image_phone=&#8221;https:\/\/www.assureforlife.com\/esp\/wp-content\/uploads\/2021\/11\/Thomas-vert-1.jpg&#8221; background_enable_image_phone=&#8221;on&#8221; locked=&#8221;off&#8221; global_colors_info=&#8221;{}&#8221;][et_pb_row make_equal=&#8221;on&#8221; _builder_version=&#8221;4.20.2&#8243; _module_preset=&#8221;default&#8221; width_tablet=&#8221;&#8221; width_phone=&#8221;90%&#8221; width_last_edited=&#8221;on|phone&#8221; global_colors_info=&#8221;{}&#8221;][et_pb_column type=&#8221;4_4&#8243; _builder_version=&#8221;4.19.0&#8243; _module_preset=&#8221;default&#8221; global_colors_info=&#8221;{}&#8221;][et_pb_text _builder_version=&#8221;4.22.1&#8243; _module_preset=&#8221;default&#8221; text_font=&#8221;|700|||||||&#8221; text_text_color=&#8221;#00565F&#8221; text_font_size=&#8221;23px&#8221; text_line_height=&#8221;1.2em&#8221; header_2_font=&#8221;ARCA MAJORA|||on|||||&#8221; header_2_text_align=&#8221;left&#8221; header_2_text_color=&#8221;#7DB6B3&#8243; header_2_font_size=&#8221;44px&#8221; header_2_line_height=&#8221;1.3em&#8221; header_3_font=&#8221;|||on|||||&#8221; header_3_text_align=&#8221;left&#8221; header_3_text_color=&#8221;#00565F&#8221; header_3_font_size=&#8221;29px&#8221; animation_style=&#8221;fade&#8221; header_2_font_size_tablet=&#8221;32px&#8221; header_2_font_size_phone=&#8221;28px&#8221; header_2_font_size_last_edited=&#8221;on|phone&#8221; header_3_font_size_tablet=&#8221;23px&#8221; header_3_font_size_phone=&#8221;22px&#8221; header_3_font_size_last_edited=&#8221;on|tablet&#8221; locked=&#8221;off&#8221; global_colors_info=&#8221;{}&#8221;]<\/p>\n<h3>Nuestra historia<\/h3>\n<h2>ACOMPA\u00d1AR A LAS FAMILIAS <br \/>es nuestro mejor legado<\/h2>\n<p><span><\/span><\/p>\n<p>[\/et_pb_text][et_pb_text content_phone=&#8221;<span style=%22color: #ffffff;%22>Get to know<br \/>\none of the <\/span>most<br \/>\nsuccessful products <span style=%22color: #ffffff;%22><br \/>\non the market!<\/span>&#8221; content_last_edited=&#8221;off|phone&#8221; _builder_version=&#8221;4.20.2&#8243; _module_preset=&#8221;41d5859c-fbaa-458a-88e4-5d886857f235&#8243; text_font=&#8221;||||||||&#8221; text_text_color=&#8221;#00565F&#8221; text_font_size=&#8221;23px&#8221; text_line_height=&#8221;1.2em&#8221; header_2_font=&#8221;ARCA MAJORA||on||||||&#8221; header_2_text_align=&#8221;center&#8221; header_2_text_color=&#8221;#EB6E54&#8243; header_2_font_size=&#8221;30px&#8221; z_index=&#8221;5&#8243; custom_margin=&#8221;||||false|false&#8221; animation_style=&#8221;fade&#8221; text_font_size_tablet=&#8221;21px&#8221; text_font_size_phone=&#8221;21px&#8221; text_font_size_last_edited=&#8221;on|phone&#8221; locked=&#8221;off&#8221; global_colors_info=&#8221;{}&#8221; link_text_color__hover=&#8221;#FFFFFF&#8221; link_text_color__hover_enabled=&#8221;on|hover&#8221;]<\/p>\n<p>Somos parte de Plenitud, una empresa pionera en ofrecer innovadores servicios en el sector funerario, as\u00ed como desarrollar ofertas encaminadas a brindar bienestar y calidad de vida a las familias.<\/p>\n<p>[\/et_pb_text][et_pb_text _builder_version=&#8221;4.20.2&#8243; _module_preset=&#8221;default&#8221; text_font=&#8221;|700|||||||&#8221; text_text_color=&#8221;#00565F&#8221; text_font_size=&#8221;23px&#8221; text_line_height=&#8221;1.2em&#8221; header_2_font=&#8221;ARCA MAJORA|||on|||||&#8221; header_2_text_align=&#8221;left&#8221; header_2_text_color=&#8221;#EE8A61&#8243; header_2_font_size=&#8221;46px&#8221; header_2_line_height=&#8221;1.3em&#8221; header_3_font=&#8221;|||on|||||&#8221; header_3_text_align=&#8221;center&#8221; header_3_text_color=&#8221;#7DB6B3&#8243; header_3_font_size=&#8221;29px&#8221; animation_style=&#8221;fade&#8221; header_3_font_size_tablet=&#8221;29px&#8221; header_3_font_size_phone=&#8221;28px&#8221; header_3_font_size_last_edited=&#8221;on|phone&#8221; locked=&#8221;off&#8221; global_colors_info=&#8221;{}&#8221;]<\/p>\n<h3><\/h3>\n<p>&nbsp;<\/p>\n<h3>Inicios<\/h3>\n<p><span><\/span><\/p>\n<p>[\/et_pb_text][\/et_pb_column][\/et_pb_row][et_pb_row _builder_version=&#8221;4.20.0&#8243; _module_preset=&#8221;default&#8221; width_tablet=&#8221;&#8221; width_phone=&#8221;90%&#8221; width_last_edited=&#8221;on|phone&#8221; global_colors_info=&#8221;{}&#8221;][et_pb_column type=&#8221;4_4&#8243; _builder_version=&#8221;4.20.0&#8243; _module_preset=&#8221;default&#8221; global_colors_info=&#8221;{}&#8221;][dipi_timeline timeline_active_line_color=&#8221;#00565F&#8221; card_arrow_color=&#8221;#00565F&#8221; _builder_version=&#8221;4.22.1&#8243; _module_preset=&#8221;default&#8221; hover_enabled=&#8221;0&#8243; global_colors_info=&#8221;{}&#8221; sticky_enabled=&#8221;0&#8243;][dipi_timeline_item admin_label=&#8221;1950&#8243; ribbon=&#8221;1950&#8243; timeline_icon_color=&#8221;#EE8A61&#8243; ribbon_circle_color=&#8221;#F5F3EE&#8221; _builder_version=&#8221;4.22.1&#8243; _module_preset=&#8221;default&#8221; body_text_color=&#8221;#00565F&#8221; body_font_size=&#8221;23px&#8221; ribbon_text_font=&#8221;ARCA MAJORA||||||||&#8221; ribbon_text_text_color=&#8221;#EE8A61&#8243; ribbon_text_font_size=&#8221;32px&#8221; background_color=&#8221;#F5F3EE&#8221; background_enable_color=&#8221;on&#8221; custom_button=&#8221;on&#8221; button_border_radius=&#8221;0px&#8221; button_icon=&#8221;&#x41;||divi||400&#8243; button_on_hover=&#8221;off&#8221; body_font_size_tablet=&#8221;21px&#8221; body_font_size_phone=&#8221;20px&#8221; body_font_size_last_edited=&#8221;on|tablet&#8221; border_radii=&#8221;on|12px|12px|12px|12px&#8221; border_color_all_image=&#8221;#00565F&#8221; box_shadow_style=&#8221;preset1&#8243; box_shadow_color=&#8221;rgba(10,10,10,0.2)&#8221; global_colors_info=&#8221;{}&#8221; ribbon_circle_color__hover_enabled=&#8221;on|hover&#8221; ribbon_circle_color__hover=&#8221;#00565F&#8221;]<\/p>\n<p>Toda esta gran visi\u00f3n y pasi\u00f3n nace en Medell\u00edn, Colombia con el se\u00f1or Jes\u00fas Oquendo, que siempre crey\u00f3 en la posibilidad de darle a todas las personas una despedida digna, respetuosa y en paz.<\/p>\n<p>[\/dipi_timeline_item][dipi_timeline_item admin_label=&#8221;1986&#8243; ribbon=&#8221;1986&#8243; timeline_icon_color=&#8221;#EE8A61&#8243; ribbon_circle_color=&#8221;#F5F3EE&#8221; _builder_version=&#8221;4.22.1&#8243; _module_preset=&#8221;default&#8221; body_text_color=&#8221;#00565F&#8221; body_font_size=&#8221;23px&#8221; ribbon_text_font=&#8221;ARCA MAJORA||||||||&#8221; ribbon_text_text_color=&#8221;#EE8A61&#8243; ribbon_text_font_size=&#8221;32px&#8221; background_color=&#8221;#F5F3EE&#8221; background_enable_color=&#8221;on&#8221; custom_button=&#8221;on&#8221; button_border_radius=&#8221;0px&#8221; button_icon=&#8221;&#x41;||divi||400&#8243; button_on_hover=&#8221;off&#8221; body_font_size_tablet=&#8221;21px&#8221; body_font_size_phone=&#8221;20px&#8221; body_font_size_last_edited=&#8221;on|tablet&#8221; border_radii=&#8221;on|12px|12px|12px|12px&#8221; border_color_all_image=&#8221;#00565F&#8221; box_shadow_style=&#8221;preset1&#8243; box_shadow_color=&#8221;rgba(10,10,10,0.2)&#8221; global_colors_info=&#8221;{}&#8221; ribbon_circle_color__hover=&#8221;#00565F&#8221; ribbon_circle_color__hover_enabled=&#8221;on|hover&#8221;]Creamos la membres\u00eda de asistencia funeraria; que consiste en aportar una cuota mensual para proteger a un grupo familiar, como manera de llegar al p\u00fablico de menor capacidad econ\u00f3mica, siempre pensando en el bien de la sociedad.[\/dipi_timeline_item][dipi_timeline_item admin_label=&#8221;1996&#8243; ribbon=&#8221;1996&#8243; timeline_icon_color=&#8221;#EE8A61&#8243; ribbon_circle_color=&#8221;#F5F3EE&#8221; _builder_version=&#8221;4.22.1&#8243; _module_preset=&#8221;default&#8221; body_text_color=&#8221;#00565F&#8221; body_font_size=&#8221;23px&#8221; ribbon_text_font=&#8221;ARCA MAJORA||||||||&#8221; ribbon_text_text_color=&#8221;#EE8A61&#8243; ribbon_text_font_size=&#8221;32px&#8221; background_color=&#8221;#F5F3EE&#8221; background_enable_color=&#8221;on&#8221; custom_button=&#8221;on&#8221; button_border_radius=&#8221;0px&#8221; button_icon=&#8221;&#x41;||divi||400&#8243; button_on_hover=&#8221;off&#8221; body_font_size_tablet=&#8221;21px&#8221; body_font_size_phone=&#8221;20px&#8221; body_font_size_last_edited=&#8221;on|tablet&#8221; border_radii=&#8221;on|12px|12px|12px|12px&#8221; border_color_all_image=&#8221;#00565F&#8221; box_shadow_style=&#8221;preset1&#8243; box_shadow_color=&#8221;rgba(10,10,10,0.2)&#8221; global_colors_info=&#8221;{}&#8221; ribbon_circle_color__hover=&#8221;#00565F&#8221; ribbon_circle_color__hover_enabled=&#8221;on|hover&#8221;]<\/p>\n<p>Cruzamos fronteras e iniciamos nuestra expansi\u00f3n internacional en Venezuela, acompa\u00f1ando a las familias en este pa\u00eds.<\/p>\n<p>[\/dipi_timeline_item][dipi_timeline_item admin_label=&#8221;2005&#8243; ribbon=&#8221;2005&#8243; timeline_icon_color=&#8221;#EE8A61&#8243; ribbon_circle_color=&#8221;#F5F3EE&#8221; _builder_version=&#8221;4.22.1&#8243; _module_preset=&#8221;default&#8221; body_text_color=&#8221;#00565F&#8221; body_font_size=&#8221;23px&#8221; ribbon_text_font=&#8221;ARCA MAJORA||||||||&#8221; ribbon_text_text_color=&#8221;#EE8A61&#8243; ribbon_text_font_size=&#8221;32px&#8221; background_color=&#8221;#F5F3EE&#8221; background_enable_color=&#8221;on&#8221; custom_button=&#8221;on&#8221; button_border_radius=&#8221;0px&#8221; button_icon=&#8221;&#x41;||divi||400&#8243; button_on_hover=&#8221;off&#8221; body_font_size_tablet=&#8221;21px&#8221; body_font_size_phone=&#8221;20px&#8221; body_font_size_last_edited=&#8221;on|tablet&#8221; border_radii=&#8221;on|12px|12px|12px|12px&#8221; border_color_all_image=&#8221;#00565F&#8221; box_shadow_style=&#8221;preset1&#8243; box_shadow_color=&#8221;rgba(10,10,10,0.2)&#8221; global_colors_info=&#8221;{}&#8221; ribbon_circle_color__hover=&#8221;#00565F&#8221; ribbon_circle_color__hover_enabled=&#8221;on|hover&#8221;]<\/p>\n<p>Contin\u00faa la expansi\u00f3n con la apertura de nuestra sede en M\u00e9xico, brindando bienestar a las familias con nuestros planes de asistencia funeraria y cubriendo en toda la Rep\u00fablica Mexicana con 400 funerarias aliadas.<\/p>\n<p>[\/dipi_timeline_item][dipi_timeline_item admin_label=&#8221;2005&#8243; ribbon=&#8221;2005&#8243; timeline_icon_color=&#8221;#EE8A61&#8243; ribbon_circle_color=&#8221;#F5F3EE&#8221; _builder_version=&#8221;4.22.1&#8243; _module_preset=&#8221;default&#8221; body_text_color=&#8221;#00565F&#8221; body_font_size=&#8221;23px&#8221; ribbon_text_font=&#8221;ARCA MAJORA||||||||&#8221; ribbon_text_text_color=&#8221;#EE8A61&#8243; ribbon_text_font_size=&#8221;32px&#8221; background_color=&#8221;#F5F3EE&#8221; background_enable_color=&#8221;on&#8221; custom_button=&#8221;on&#8221; button_border_radius=&#8221;0px&#8221; button_icon=&#8221;&#x41;||divi||400&#8243; button_on_hover=&#8221;off&#8221; hover_enabled=&#8221;0&#8243; body_font_size_tablet=&#8221;21px&#8221; body_font_size_phone=&#8221;20px&#8221; body_font_size_last_edited=&#8221;on|tablet&#8221; border_radii=&#8221;on|12px|12px|12px|12px&#8221; border_color_all_image=&#8221;#00565F&#8221; box_shadow_style=&#8221;preset1&#8243; box_shadow_color=&#8221;rgba(10,10,10,0.2)&#8221; global_colors_info=&#8221;{}&#8221; ribbon_circle_color__hover=&#8221;#00565F&#8221; ribbon_circle_color__hover_enabled=&#8221;on|hover&#8221; sticky_enabled=&#8221;0&#8243;]<\/p>\n<p>Llegamos a los Estados Unidos como Proteccion Plenitud, Inc.<\/p>\n<p>[\/dipi_timeline_item][dipi_timeline_item admin_label=&#8221;2017&#8243; ribbon=&#8221;2017&#8243; timeline_icon_color=&#8221;#EE8A61&#8243; ribbon_circle_color=&#8221;#F5F3EE&#8221; _builder_version=&#8221;4.22.1&#8243; _module_preset=&#8221;default&#8221; body_text_color=&#8221;#00565F&#8221; body_font_size=&#8221;23px&#8221; ribbon_text_font=&#8221;ARCA MAJORA||||||||&#8221; ribbon_text_text_color=&#8221;#EE8A61&#8243; ribbon_text_font_size=&#8221;32px&#8221; background_color=&#8221;#F5F3EE&#8221; background_enable_color=&#8221;on&#8221; custom_button=&#8221;on&#8221; button_border_radius=&#8221;0px&#8221; button_icon=&#8221;&#x41;||divi||400&#8243; button_on_hover=&#8221;off&#8221; hover_enabled=&#8221;0&#8243; body_font_size_tablet=&#8221;21px&#8221; body_font_size_phone=&#8221;20px&#8221; body_font_size_last_edited=&#8221;on|tablet&#8221; border_radii=&#8221;on|12px|12px|12px|12px&#8221; border_color_all_image=&#8221;#00565F&#8221; box_shadow_style=&#8221;preset1&#8243; box_shadow_color=&#8221;rgba(10,10,10,0.2)&#8221; global_colors_info=&#8221;{}&#8221; ribbon_circle_color__hover=&#8221;#00565F&#8221; ribbon_circle_color__hover_enabled=&#8221;on|hover&#8221; sticky_enabled=&#8221;0&#8243;]<\/p>\n<p>Cambiamos nuestro DBA a Assure for Life, una marca respaldada por el Better Business Bureau.<\/p>\n<p>[\/dipi_timeline_item][dipi_timeline_item admin_label=&#8221;2023&#8243; ribbon=&#8221;2023&#8243; timeline_icon_color=&#8221;#EE8A61&#8243; ribbon_circle_color=&#8221;#F5F3EE&#8221; _builder_version=&#8221;4.22.1&#8243; _module_preset=&#8221;default&#8221; body_text_color=&#8221;#00565F&#8221; body_font_size=&#8221;23px&#8221; ribbon_text_font=&#8221;ARCA MAJORA||||||||&#8221; ribbon_text_text_color=&#8221;#EE8A61&#8243; ribbon_text_font_size=&#8221;32px&#8221; background_color=&#8221;#F5F3EE&#8221; background_enable_color=&#8221;on&#8221; custom_button=&#8221;on&#8221; button_border_radius=&#8221;0px&#8221; button_icon=&#8221;&#x41;||divi||400&#8243; button_on_hover=&#8221;off&#8221; hover_enabled=&#8221;0&#8243; body_font_size_tablet=&#8221;21px&#8221; body_font_size_phone=&#8221;20px&#8221; body_font_size_last_edited=&#8221;on|tablet&#8221; border_radii=&#8221;on|12px|12px|12px|12px&#8221; border_color_all_image=&#8221;#00565F&#8221; box_shadow_style=&#8221;preset1&#8243; box_shadow_color=&#8221;rgba(10,10,10,0.2)&#8221; global_colors_info=&#8221;{}&#8221; ribbon_circle_color__hover=&#8221;#00565F&#8221; ribbon_circle_color__hover_enabled=&#8221;on|hover&#8221; sticky_enabled=&#8221;0&#8243;]<\/p>\n<p>Cambiamos nuestro nombre corporativo de Proteccion Plenitud, Inc. a Proteccion Plenitud, LLC.<\/p>\n<p>[\/dipi_timeline_item][dipi_timeline_item admin_label=&#8221;2023&#8243; ribbon=&#8221;2023&#8243; timeline_icon_color=&#8221;#EE8A61&#8243; ribbon_circle_color=&#8221;#F5F3EE&#8221; _builder_version=&#8221;4.22.1&#8243; _module_preset=&#8221;default&#8221; body_text_color=&#8221;#00565F&#8221; body_font_size=&#8221;23px&#8221; ribbon_text_font=&#8221;ARCA MAJORA||||||||&#8221; ribbon_text_text_color=&#8221;#EE8A61&#8243; ribbon_text_font_size=&#8221;32px&#8221; background_color=&#8221;#F5F3EE&#8221; background_enable_color=&#8221;on&#8221; custom_button=&#8221;on&#8221; button_border_radius=&#8221;0px&#8221; button_icon=&#8221;&#x41;||divi||400&#8243; button_on_hover=&#8221;off&#8221; hover_enabled=&#8221;0&#8243; body_font_size_tablet=&#8221;21px&#8221; body_font_size_phone=&#8221;20px&#8221; body_font_size_last_edited=&#8221;on|tablet&#8221; border_radii=&#8221;on|12px|12px|12px|12px&#8221; border_color_all_image=&#8221;#00565F&#8221; box_shadow_style=&#8221;preset1&#8243; box_shadow_color=&#8221;rgba(10,10,10,0.2)&#8221; global_colors_info=&#8221;{}&#8221; ribbon_circle_color__hover=&#8221;#00565F&#8221; ribbon_circle_color__hover_enabled=&#8221;on|hover&#8221; sticky_enabled=&#8221;0&#8243;]<\/p>\n<p>Sigue el crecimiento de nuestra compa\u00f1\u00eda abriendo nuevos canales de venta en M\u00e9xico y Estados Unidos.<\/p>\n<p>[\/dipi_timeline_item][\/dipi_timeline][\/et_pb_column][\/et_pb_row][\/et_pb_section]<\/p>\n","protected":false},"excerpt":{"rendered":"<p>Nuestro prop\u00f3sitoBuscamos contribuir al bienestar de las familiasen todos los momentos de la vida.<div class=\"et_pb_module dipi_breadcrumbs dipi_breadcrumbs_0\">\n\t\t\t\t\n\t\t\t\t\n\t\t\t\t\n\t\t\t\t\n\t\t\t\t\n\t\t\t\t\n\t\t\t\t<div class=\"et_pb_module_inner\">\n\t\t\t\t\t<div class=\"dipi-breadcrumbs dipi-bc-left\">\n                <ul >\n                    \n                                                        <li  class=\"dipi-breadcrumb-item dipi-breadcrumb-home\">\n\n                                                    <a  href=\"https:\/\/www.assureforlife.com\/esp\">\n                                <span  content=\"Home\">\n                                                                        Assure For Life                                <\/span>\n                            <\/a>\n\n                                                <meta itemprop=\"position\" content=\"1\"\/>                    <\/li>\n\n                    <li class=\"dipi-breadcrumb-separator\">\n                    <span class=\"et-pb-icon dipi-separator-icon\">&#x35;<\/span>\n                <\/li>                            \n                <\/ul>\n            <\/div>\n\t\t\t\t<\/div>\n\t\t\t<\/div>Nuestra historia ACOMPA\u00d1AR A LAS FAMILIAS es nuestro mejor legado Somos parte de Plenitud, una empresa pionera en ofrecer innovadores servicios en [&hellip;]<\/p>\n","protected":false},"author":4,"featured_media":0,"parent":0,"menu_order":0,"comment_status":"closed","ping_status":"closed","template":"","meta":{"_et_pb_use_builder":"on","_et_pb_old_content":"<!-- wp:paragraph -->\n<p>This is an example page. It's different from a blog post because it will stay in one place and will show up in your site navigation (in most themes). Most people start with an About page that introduces them to potential site visitors. It might say something like this:<\/p>\n<!-- \/wp:paragraph -->\n\n<!-- wp:quote -->\n<blockquote class=\"wp-block-quote\"><p>Hi there! I'm a bike messenger by day, aspiring actor by night, and this is my website. I live in Los Angeles, have a great dog named Jack, and I like pi&#241;a coladas. (And gettin' caught in the rain.)<\/p><\/blockquote>\n<!-- \/wp:quote -->\n\n<!-- wp:paragraph -->\n<p>...or something like this:<\/p>\n<!-- \/wp:paragraph -->\n\n<!-- wp:quote -->\n<blockquote class=\"wp-block-quote\"><p>The XYZ Doohickey Company was founded in 1971, and has been providing quality doohickeys to the public ever since. Located in Gotham City, XYZ employs over 2,000 people and does all kinds of awesome things for the Gotham community.<\/p><\/blockquote>\n<!-- \/wp:quote -->\n\n<!-- wp:paragraph -->\n<p>As a new WordPress user, you should go to <a href=\"https:\/\/www.assureforlife.com\/esp\/wp-admin\/\">your dashboard<\/a> to delete this page and create new pages for your content. Have fun!<\/p>\n<!-- \/wp:paragraph -->","_et_gb_content_width":"","footnotes":""},"dipi_cpt_category":[],"class_list":["post-468","page","type-page","status-publish","hentry"],"_links":{"self":[{"href":"https:\/\/www.assureforlife.com\/esp\/wp-json\/wp\/v2\/pages\/468","targetHints":{"allow":["GET"]}}],"collection":[{"href":"https:\/\/www.assureforlife.com\/esp\/wp-json\/wp\/v2\/pages"}],"about":[{"href":"https:\/\/www.assureforlife.com\/esp\/wp-json\/wp\/v2\/types\/page"}],"author":[{"embeddable":true,"href":"https:\/\/www.assureforlife.com\/esp\/wp-json\/wp\/v2\/users\/4"}],"replies":[{"embeddable":true,"href":"https:\/\/www.assureforlife.com\/esp\/wp-json\/wp\/v2\/comments?post=468"}],"version-history":[{"count":0,"href":"https:\/\/www.assureforlife.com\/esp\/wp-json\/wp\/v2\/pages\/468\/revisions"}],"wp:attachment":[{"href":"https:\/\/www.assureforlife.com\/esp\/wp-json\/wp\/v2\/media?parent=468"}],"wp:term":[{"taxonomy":"dipi_cpt_category","embeddable":true,"href":"https:\/\/www.assureforlife.com\/esp\/wp-json\/wp\/v2\/dipi_cpt_category?post=468"}],"curies":[{"name":"wp","href":"https:\/\/api.w.org\/{rel}","templated":true}]}}